{"id":8143,"date":"2021-02-03T07:35:42","date_gmt":"2021-02-03T07:35:42","guid":{"rendered":"https:\/\/www.obs.planbleu.org\/monitoring-the-sustainable-development-in-the-mediterranean\/sea-coast\/"},"modified":"2024-01-13T10:19:38","modified_gmt":"2024-01-13T10:19:38","slug":"sea-coast","status":"publish","type":"page","link":"https:\/\/www.obs.planbleu.org\/en\/mssd\/sea-coast\/","title":{"rendered":"Sea &#038; Coast"},"content":{"rendered":"\t\t<div data-elementor-type=\"wp-page\" data-elementor-id=\"8143\" class=\"elementor elementor-8143 elementor-8074\">\n\t\t\t\t\t\t<section class=\"elementor-section elementor-top-section elementor-element elementor-element-6e17acc3 elementor-section-stretched elementor-section-height-min-height elementor-section-boxed elementor-section-height-default elementor-section-items-middle\" data-id=\"6e17acc3\" data-element_type=\"section\" data-e-type=\"section\" data-settings=\"{&quot;stretch_section&quot;:&quot;section-stretched&quot;,&quot;background_background&quot;:&quot;classic&quot;}\">\n\t\t\t\t\t\t\t<div class=\"elementor-background-overlay\"><\/div>\n\t\t\t\t\t\t\t<div class=\"elementor-container elementor-column-gap-default\">\n\t\t\t\t\t\t<\/div>\n\t\t<\/section>\n\t\t\t\t<section class=\"elementor-section elementor-top-section elementor-element elementor-element-c140632 elementor-section-boxed elementor-section-height-default elementor-section-height-default\" data-id=\"c140632\" data-element_type=\"section\" data-e-type=\"section\">\n\t\t\t\t\t\t<div class=\"elementor-container elementor-column-gap-default\">\n\t\t\t\t\t<div class=\"elementor-column elementor-col-100 elementor-top-column elementor-element elementor-element-a1e174c\" data-id=\"a1e174c\" data-element_type=\"column\" data-e-type=\"column\" data-settings=\"{&quot;animation&quot;:&quot;none&quot;}\">\n\t\t\t<div class=\"elementor-widget-wrap elementor-element-populated\">\n\t\t\t\t\t\t<div class=\"elementor-element elementor-element-1a2f4bed elementor-widget elementor-widget-heading\" data-id=\"1a2f4bed\" data-element_type=\"widget\" data-e-type=\"widget\" data-settings=\"{&quot;_animation&quot;:&quot;none&quot;}\" data-widget_type=\"heading.default\">\n\t\t\t\t<div class=\"elementor-widget-container\">\n\t\t\t\t\t<h1 class=\"elementor-heading-title elementor-size-default\">Sea and Coast<\/h1>\t\t\t\t<\/div>\n\t\t\t\t<\/div>\n\t\t\t\t<div class=\"elementor-element elementor-element-7468fb1e elementor-widget-divider--view-line elementor-widget elementor-widget-divider\" data-id=\"7468fb1e\" data-element_type=\"widget\" data-e-type=\"widget\" data-settings=\"{&quot;_animation&quot;:&quot;none&quot;}\" data-widget_type=\"divider.default\">\n\t\t\t\t<div class=\"elementor-widget-container\">\n\t\t\t\t\t\t\t<div class=\"elementor-divider\">\n\t\t\t<span class=\"elementor-divider-separator\">\n\t\t\t\t\t\t<\/span>\n\t\t<\/div>\n\t\t\t\t\t\t<\/div>\n\t\t\t\t<\/div>\n\t\t\t\t\t<\/div>\n\t\t<\/div>\n\t\t\t\t<div class=\"elementor-column elementor-col-100 elementor-top-column elementor-element elementor-element-da95e01\" data-id=\"da95e01\" data-element_type=\"column\" data-e-type=\"column\">\n\t\t\t<div class=\"elementor-widget-wrap\">\n\t\t\t\t\t\t\t<\/div>\n\t\t<\/div>\n\t\t\t\t\t<\/div>\n\t\t<\/section>\n\t\t\t\t<section class=\"elementor-section elementor-top-section elementor-element elementor-element-3eff5f40 elementor-section-content-middle elementor-section-boxed elementor-section-height-default elementor-section-height-default\" data-id=\"3eff5f40\" data-element_type=\"section\" data-e-type=\"section\" data-settings=\"{&quot;background_background&quot;:&quot;classic&quot;}\">\n\t\t\t\t\t\t\t<div class=\"elementor-background-overlay\"><\/div>\n\t\t\t\t\t\t\t<div class=\"elementor-container elementor-column-gap-no\">\n\t\t\t\t\t<div class=\"elementor-column elementor-col-100 elementor-top-column elementor-element elementor-element-5eb01cfd\" data-id=\"5eb01cfd\" data-element_type=\"column\" data-e-type=\"column\">\n\t\t\t<div class=\"elementor-widget-wrap elementor-element-populated\">\n\t\t\t\t\t\t<section class=\"elementor-section elementor-inner-section elementor-element elementor-element-e209a93 elementor-section-boxed elementor-section-height-default elementor-section-height-default\" data-id=\"e209a93\" data-element_type=\"section\" data-e-type=\"section\">\n\t\t\t\t\t\t<div class=\"elementor-container elementor-column-gap-default\">\n\t\t\t\t\t<div class=\"elementor-column elementor-col-50 elementor-inner-column elementor-element elementor-element-823d475\" data-id=\"823d475\" data-element_type=\"column\" data-e-type=\"column\">\n\t\t\t<div class=\"elementor-widget-wrap elementor-element-populated\">\n\t\t\t\t\t\t<div class=\"elementor-element elementor-element-fd6dceb elementor-widget elementor-widget-image-carousel\" data-id=\"fd6dceb\" data-element_type=\"widget\" data-e-type=\"widget\" data-settings=\"{&quot;slides_to_show&quot;:&quot;1&quot;,&quot;navigation&quot;:&quot;none&quot;,&quot;autoplay&quot;:&quot;yes&quot;,&quot;pause_on_hover&quot;:&quot;yes&quot;,&quot;pause_on_interaction&quot;:&quot;yes&quot;,&quot;autoplay_speed&quot;:5000,&quot;infinite&quot;:&quot;yes&quot;,&quot;effect&quot;:&quot;slide&quot;,&quot;speed&quot;:500}\" data-widget_type=\"image-carousel.default\">\n\t\t\t\t<div class=\"elementor-widget-container\">\n\t\t\t\t\t\t\t<div class=\"elementor-image-carousel-wrapper swiper\" role=\"region\" aria-roledescription=\"carousel\" aria-label=\"Image Carousel\" dir=\"ltr\">\n\t\t\t<div class=\"elementor-image-carousel swiper-wrapper\" aria-live=\"off\">\n\t\t\t\t\t\t\t\t<div class=\"swiper-slide\" role=\"group\" aria-roledescription=\"slide\" aria-label=\"1 of 1\"><a data-elementor-open-lightbox=\"yes\" data-elementor-lightbox-slideshow=\"fd6dceb\" data-elementor-lightbox-title=\"RATIFICATION OF THE BARCELONA CONVENTION\" data-e-action-hash=\"#elementor-action%3Aaction%3Dlightbox%26settings%3DeyJpZCI6ODEyNiwidXJsIjoiaHR0cHM6XC9cL3d3dy5vYnMucGxhbmJsZXUub3JnXC93cC1jb250ZW50XC91cGxvYWRzXC8yMDIxXC8wMlwvUkFUSUZJQ0FUSU9OLU9GLVRIRS1CQVJDRUxPTkEtQ09OVkVOVElPTi5wbmciLCJzbGlkZXNob3ciOiJmZDZkY2ViIn0%3D\" href=\"https:\/\/www.obs.planbleu.org\/wp-content\/uploads\/2021\/02\/RATIFICATION-OF-THE-BARCELONA-CONVENTION.png\"><figure class=\"swiper-slide-inner\"><img decoding=\"async\" class=\"swiper-slide-image\" src=\"https:\/\/www.obs.planbleu.org\/wp-content\/uploads\/2021\/02\/RATIFICATION-OF-THE-BARCELONA-CONVENTION.png\" alt=\"Number of ratifications and level of compliance as reported by Barcelona Convention Contracting Parties\" \/><\/figure><\/a><\/div>\t\t\t<\/div>\n\t\t\t\t\t<\/div>\n\t\t\t\t\t\t<\/div>\n\t\t\t\t<\/div>\n\t\t\t\t\t<\/div>\n\t\t<\/div>\n\t\t\t\t<div class=\"elementor-column elementor-col-50 elementor-inner-column elementor-element elementor-element-3a5c35f\" data-id=\"3a5c35f\" data-element_type=\"column\" data-e-type=\"column\">\n\t\t\t<div class=\"elementor-widget-wrap elementor-element-populated\">\n\t\t\t\t\t\t<div class=\"elementor-element elementor-element-ba64b50 elementor-widget elementor-widget-heading\" data-id=\"ba64b50\" data-element_type=\"widget\" data-e-type=\"widget\" data-settings=\"{&quot;_animation&quot;:&quot;none&quot;,&quot;_animation_delay&quot;:100}\" data-widget_type=\"heading.default\">\n\t\t\t\t<div class=\"elementor-widget-container\">\n\t\t\t\t\t<h2 class=\"elementor-heading-title elementor-size-default\">Number of ratifications and level of compliance as reported by Barcelona Convention Contracting Parties<\/h2>\t\t\t\t<\/div>\n\t\t\t\t<\/div>\n\t\t\t\t<div class=\"elementor-element elementor-element-6c2e51d elementor-widget-divider--view-line elementor-widget elementor-widget-divider\" data-id=\"6c2e51d\" data-element_type=\"widget\" data-e-type=\"widget\" data-settings=\"{&quot;_animation&quot;:&quot;none&quot;,&quot;_animation_delay&quot;:150}\" data-widget_type=\"divider.default\">\n\t\t\t\t<div class=\"elementor-widget-container\">\n\t\t\t\t\t\t\t<div class=\"elementor-divider\">\n\t\t\t<span class=\"elementor-divider-separator\">\n\t\t\t\t\t\t<\/span>\n\t\t<\/div>\n\t\t\t\t\t\t<\/div>\n\t\t\t\t<\/div>\n\t\t\t\t<div class=\"elementor-element elementor-element-0af297b elementor-invisible elementor-widget elementor-widget-text-editor\" data-id=\"0af297b\" data-element_type=\"widget\" data-e-type=\"widget\" data-settings=\"{&quot;_animation&quot;:&quot;fadeIn&quot;,&quot;_animation_delay&quot;:250}\" data-widget_type=\"text-editor.default\">\n\t\t\t\t<div class=\"elementor-widget-container\">\n\t\t\t\t\t\t\t\t\t<p>La Convention pour la protection de la mer M\u00e9diterran\u00e9e contre la pollution a \u00e9t\u00e9 adopt\u00e9e le 16 f\u00e9vrier 1976 puis est entr\u00e9e en vigueur le 12 f\u00e9vrier 1978. La Convention initiale a \u00e9t\u00e9 modifi\u00e9e par des amendements et la \u00ab Convention pour la Protection du Milieu Marin et du Littoral de la M\u00e9diterran\u00e9e et ses Protocoles \u00bb a \u00e9t\u00e9 adopt\u00e9e le 10 juin 1995 puis est entr\u00e9e en vigueur le 9 juillet 2004. Cet indicateur permet de suivre le nombre de ratifications des diff\u00e9rents protocoles et le niveau de conformit\u00e9 signal\u00e9s par les Parties Contractantes.<\/p>\n\t\t\t\t\t\t\t\t<\/div>\n\t\t\t\t<\/div>\n\t\t\t\t\t<\/div>\n\t\t<\/div>\n\t\t\t\t\t<\/div>\n\t\t<\/section>\n\t\t\t\t<section class=\"elementor-section elementor-inner-section elementor-element elementor-element-a843302 elementor-section-boxed elementor-section-height-default elementor-section-height-default\" data-id=\"a843302\" data-element_type=\"section\" data-e-type=\"section\">\n\t\t\t\t\t\t<div class=\"elementor-container elementor-column-gap-default\">\n\t\t\t\t\t<div class=\"elementor-column elementor-col-50 elementor-inner-column elementor-element elementor-element-e665e10\" data-id=\"e665e10\" data-element_type=\"column\" data-e-type=\"column\">\n\t\t\t<div class=\"elementor-widget-wrap elementor-element-populated\">\n\t\t\t\t\t\t<div class=\"elementor-element elementor-element-13d922b elementor-widget elementor-widget-image-carousel\" data-id=\"13d922b\" data-element_type=\"widget\" data-e-type=\"widget\" data-settings=\"{&quot;slides_to_show&quot;:&quot;1&quot;,&quot;navigation&quot;:&quot;none&quot;,&quot;autoplay&quot;:&quot;yes&quot;,&quot;pause_on_hover&quot;:&quot;yes&quot;,&quot;pause_on_interaction&quot;:&quot;yes&quot;,&quot;autoplay_speed&quot;:5000,&quot;infinite&quot;:&quot;yes&quot;,&quot;effect&quot;:&quot;slide&quot;,&quot;speed&quot;:500}\" data-widget_type=\"image-carousel.default\">\n\t\t\t\t<div class=\"elementor-widget-container\">\n\t\t\t\t\t\t\t<div class=\"elementor-image-carousel-wrapper swiper\" role=\"region\" aria-roledescription=\"carousel\" aria-label=\"Image Carousel\" dir=\"ltr\">\n\t\t\t<div class=\"elementor-image-carousel swiper-wrapper\" aria-live=\"off\">\n\t\t\t\t\t\t\t\t<div class=\"swiper-slide\" role=\"group\" aria-roledescription=\"slide\" aria-label=\"1 of 1\"><a data-elementor-open-lightbox=\"yes\" data-elementor-lightbox-slideshow=\"13d922b\" data-elementor-lightbox-title=\"COVERAGE OF PROTECTED AREAS IN RELATION TO MARINE AREA\" data-e-action-hash=\"#elementor-action%3Aaction%3Dlightbox%26settings%3DeyJpZCI6ODEzMCwidXJsIjoiaHR0cHM6XC9cL3d3dy5vYnMucGxhbmJsZXUub3JnXC93cC1jb250ZW50XC91cGxvYWRzXC8yMDIxXC8wMlwvQ09WRVJBR0UtT0YtUFJPVEVDVEVELUFSRUFTLUlOLVJFTEFUSU9OLVRPLU1BUklORS1BUkVBLnBuZyIsInNsaWRlc2hvdyI6IjEzZDkyMmIifQ%3D%3D\" href=\"https:\/\/www.obs.planbleu.org\/wp-content\/uploads\/2021\/02\/COVERAGE-OF-PROTECTED-AREAS-IN-RELATION-TO-MARINE-AREA.png\"><figure class=\"swiper-slide-inner\"><img decoding=\"async\" class=\"swiper-slide-image\" src=\"https:\/\/www.obs.planbleu.org\/wp-content\/uploads\/2021\/02\/COVERAGE-OF-PROTECTED-AREAS-IN-RELATION-TO-MARINE-AREA.png\" alt=\"Proportion of fish stocks within biologically sustainable levels (SDG Indicator 14.4.1)\" \/><\/figure><\/a><\/div>\t\t\t<\/div>\n\t\t\t\t\t<\/div>\n\t\t\t\t\t\t<\/div>\n\t\t\t\t<\/div>\n\t\t\t\t\t<\/div>\n\t\t<\/div>\n\t\t\t\t<div class=\"elementor-column elementor-col-50 elementor-inner-column elementor-element elementor-element-06f119e\" data-id=\"06f119e\" data-element_type=\"column\" data-e-type=\"column\">\n\t\t\t<div class=\"elementor-widget-wrap elementor-element-populated\">\n\t\t\t\t\t\t<div class=\"elementor-element elementor-element-688354f elementor-widget elementor-widget-heading\" data-id=\"688354f\" data-element_type=\"widget\" data-e-type=\"widget\" data-settings=\"{&quot;_animation&quot;:&quot;none&quot;,&quot;_animation_delay&quot;:100}\" data-widget_type=\"heading.default\">\n\t\t\t\t<div class=\"elementor-widget-container\">\n\t\t\t\t\t<h2 class=\"elementor-heading-title elementor-size-default\">Coverage of protected areas in relation to marine territorial waters (SDG Indicator 14.5.1) <\/h2>\t\t\t\t<\/div>\n\t\t\t\t<\/div>\n\t\t\t\t<div class=\"elementor-element elementor-element-3978daa elementor-widget-divider--view-line elementor-invisible elementor-widget elementor-widget-divider\" data-id=\"3978daa\" data-element_type=\"widget\" data-e-type=\"widget\" data-settings=\"{&quot;_animation&quot;:&quot;fadeIn&quot;,&quot;_animation_delay&quot;:150}\" data-widget_type=\"divider.default\">\n\t\t\t\t<div class=\"elementor-widget-container\">\n\t\t\t\t\t\t\t<div class=\"elementor-divider\">\n\t\t\t<span class=\"elementor-divider-separator\">\n\t\t\t\t\t\t<\/span>\n\t\t<\/div>\n\t\t\t\t\t\t<\/div>\n\t\t\t\t<\/div>\n\t\t\t\t<div class=\"elementor-element elementor-element-a00991e elementor-invisible elementor-widget elementor-widget-text-editor\" data-id=\"a00991e\" data-element_type=\"widget\" data-e-type=\"widget\" data-settings=\"{&quot;_animation&quot;:&quot;fadeIn&quot;,&quot;_animation_delay&quot;:250}\" data-widget_type=\"text-editor.default\">\n\t\t\t\t<div class=\"elementor-widget-container\">\n\t\t\t\t\t\t\t\t\t<p>Cet indicateur \u00abcouverture des aires prot\u00e9g\u00e9es par rapport aux aires marines\u00bb montre les tendances temporelles du pourcentage moyen de chaque site important pour la biodiversit\u00e9 marine (c&#8217;est-\u00e0-dire ceux qui contribuent de mani\u00e8re significative \u00e0 la persistance mondiale de la biodiversit\u00e9) qui est couvert par des aires prot\u00e9g\u00e9es d\u00e9sign\u00e9es.<\/p>\n\t\t\t\t\t\t\t\t<\/div>\n\t\t\t\t<\/div>\n\t\t\t\t\t<\/div>\n\t\t<\/div>\n\t\t\t\t\t<\/div>\n\t\t<\/section>\n\t\t\t\t<section class=\"elementor-section elementor-inner-section elementor-element elementor-element-83ba43b elementor-section-boxed elementor-section-height-default elementor-section-height-default\" data-id=\"83ba43b\" data-element_type=\"section\" data-e-type=\"section\">\n\t\t\t\t\t\t<div class=\"elementor-container elementor-column-gap-default\">\n\t\t\t\t\t<div class=\"elementor-column elementor-col-50 elementor-inner-column elementor-element elementor-element-14c60c3\" data-id=\"14c60c3\" data-element_type=\"column\" data-e-type=\"column\">\n\t\t\t<div class=\"elementor-widget-wrap elementor-element-populated\">\n\t\t\t\t\t\t<div class=\"elementor-element elementor-element-5ee6159 elementor-widget elementor-widget-image-carousel\" data-id=\"5ee6159\" data-element_type=\"widget\" data-e-type=\"widget\" data-settings=\"{&quot;slides_to_show&quot;:&quot;1&quot;,&quot;navigation&quot;:&quot;none&quot;,&quot;autoplay&quot;:&quot;yes&quot;,&quot;pause_on_hover&quot;:&quot;yes&quot;,&quot;pause_on_interaction&quot;:&quot;yes&quot;,&quot;autoplay_speed&quot;:5000,&quot;infinite&quot;:&quot;yes&quot;,&quot;effect&quot;:&quot;slide&quot;,&quot;speed&quot;:500}\" data-widget_type=\"image-carousel.default\">\n\t\t\t\t<div class=\"elementor-widget-container\">\n\t\t\t\t\t\t\t<div class=\"elementor-image-carousel-wrapper swiper\" role=\"region\" aria-roledescription=\"carousel\" aria-label=\"Image Carousel\" dir=\"ltr\">\n\t\t\t<div class=\"elementor-image-carousel swiper-wrapper\" aria-live=\"off\">\n\t\t\t\t\t\t\t\t<div class=\"swiper-slide\" role=\"group\" aria-roledescription=\"slide\" aria-label=\"1 of 1\"><a data-elementor-open-lightbox=\"yes\" data-elementor-lightbox-slideshow=\"5ee6159\" data-elementor-lightbox-title=\"8_Proportion of fish stocks within biologically sustainable levels (SDG Indicator 14.4.1)_sheet\" data-e-action-hash=\"#elementor-action%3Aaction%3Dlightbox%26settings%3DeyJpZCI6MTEzODUsInVybCI6Imh0dHBzOlwvXC93d3cub2JzLnBsYW5ibGV1Lm9yZ1wvd3AtY29udGVudFwvdXBsb2Fkc1wvMjAyMVwvMDNcLzhfUHJvcG9ydGlvbi1vZi1maXNoLXN0b2Nrcy13aXRoaW4tYmlvbG9naWNhbGx5LXN1c3RhaW5hYmxlLWxldmVscy1TREctSW5kaWNhdG9yLTE0LjQuMV9zaGVldC5wbmciLCJzbGlkZXNob3ciOiI1ZWU2MTU5In0%3D\" href=\"https:\/\/www.obs.planbleu.org\/wp-content\/uploads\/2021\/03\/8_Proportion-of-fish-stocks-within-biologically-sustainable-levels-SDG-Indicator-14.4.1_sheet.png\"><figure class=\"swiper-slide-inner\"><img decoding=\"async\" class=\"swiper-slide-image\" src=\"https:\/\/www.obs.planbleu.org\/wp-content\/uploads\/2021\/03\/8_Proportion-of-fish-stocks-within-biologically-sustainable-levels-SDG-Indicator-14.4.1_sheet.png\" alt=\"8_Proportion of fish stocks within biologically sustainable levels (SDG Indicator 14.4.1)_sheet\" \/><\/figure><\/a><\/div>\t\t\t<\/div>\n\t\t\t\t\t<\/div>\n\t\t\t\t\t\t<\/div>\n\t\t\t\t<\/div>\n\t\t\t\t\t<\/div>\n\t\t<\/div>\n\t\t\t\t<div class=\"elementor-column elementor-col-50 elementor-inner-column elementor-element elementor-element-1cb15bb\" data-id=\"1cb15bb\" data-element_type=\"column\" data-e-type=\"column\">\n\t\t\t<div class=\"elementor-widget-wrap elementor-element-populated\">\n\t\t\t\t\t\t<div class=\"elementor-element elementor-element-bc4b699 elementor-widget elementor-widget-heading\" data-id=\"bc4b699\" data-element_type=\"widget\" data-e-type=\"widget\" data-settings=\"{&quot;_animation&quot;:&quot;none&quot;,&quot;_animation_delay&quot;:100}\" data-widget_type=\"heading.default\">\n\t\t\t\t<div class=\"elementor-widget-container\">\n\t\t\t\t\t<h2 class=\"elementor-heading-title elementor-size-default\">Proportion of fish stocks within biologically sustainable levels (SDG Indicator 14.4.1)<\/h2>\t\t\t\t<\/div>\n\t\t\t\t<\/div>\n\t\t\t\t<div class=\"elementor-element elementor-element-e8baae9 elementor-widget-divider--view-line elementor-invisible elementor-widget elementor-widget-divider\" data-id=\"e8baae9\" data-element_type=\"widget\" data-e-type=\"widget\" data-settings=\"{&quot;_animation&quot;:&quot;fadeIn&quot;,&quot;_animation_delay&quot;:150}\" data-widget_type=\"divider.default\">\n\t\t\t\t<div class=\"elementor-widget-container\">\n\t\t\t\t\t\t\t<div class=\"elementor-divider\">\n\t\t\t<span class=\"elementor-divider-separator\">\n\t\t\t\t\t\t<\/span>\n\t\t<\/div>\n\t\t\t\t\t\t<\/div>\n\t\t\t\t<\/div>\n\t\t\t\t<div class=\"elementor-element elementor-element-fa9a675 elementor-invisible elementor-widget elementor-widget-text-editor\" data-id=\"fa9a675\" data-element_type=\"widget\" data-e-type=\"widget\" data-settings=\"{&quot;_animation&quot;:&quot;fadeIn&quot;,&quot;_animation_delay&quot;:250}\" data-widget_type=\"text-editor.default\">\n\t\t\t\t<div class=\"elementor-widget-container\">\n\t\t\t\t\t\t\t\t\t<p>Cet indicateur mesure la durabilit\u00e9 des p\u00eacheries marines de capture m\u00e9diterran\u00e9ennes par leur abondance. Un stock de poissons dont l&#8217;abondance est \u00e9gale ou sup\u00e9rieure \u00e0 ce niveau, qui peut produire le rendement maximal durable est class\u00e9 comme biologiquement durable.<\/p>\n\t\t\t\t\t\t\t\t<\/div>\n\t\t\t\t<\/div>\n\t\t\t\t\t<\/div>\n\t\t<\/div>\n\t\t\t\t\t<\/div>\n\t\t<\/section>\n\t\t\t\t\t<\/div>\n\t\t<\/div>\n\t\t\t\t\t<\/div>\n\t\t<\/section>\n\t\t\t\t<\/div>\n\t\t","protected":false},"excerpt":{"rendered":"<p>Sea and Coast Number of ratifications and level of compliance as reported by Barcelona Convention Contracting Parties La Convention pour la protection de la mer M\u00e9diterran\u00e9e contre la pollution a \u00e9t\u00e9 adopt\u00e9e le 16 f\u00e9vrier 1976 puis est entr\u00e9e en vigueur le 12 f\u00e9vrier 1978. La Convention initiale a \u00e9t\u00e9 modifi\u00e9e par des amendements et&#8230;<\/p>\n","protected":false},"author":1,"featured_media":0,"parent":7242,"menu_order":0,"comment_status":"closed","ping_status":"closed","template":"","meta":{"_monsterinsights_skip_tracking":false,"_monsterinsights_sitenote_active":false,"_monsterinsights_sitenote_note":"","_monsterinsights_sitenote_category":0,"_kad_post_transparent":"","_kad_post_title":"hide","_kad_post_layout":"fullwidth","_kad_post_sidebar_id":"","_kad_post_content_style":"unboxed","_kad_post_vertical_padding":"hide","_kad_post_feature":"hide","_kad_post_feature_position":"","_kad_post_header":false,"_kad_post_footer":false,"_kad_post_classname":"","footnotes":""},"class_list":["post-8143","page","type-page","status-publish","hentry"],"_links":{"self":[{"href":"https:\/\/www.obs.planbleu.org\/en\/wp-json\/wp\/v2\/pages\/8143","targetHints":{"allow":["GET"]}}],"collection":[{"href":"https:\/\/www.obs.planbleu.org\/en\/wp-json\/wp\/v2\/pages"}],"about":[{"href":"https:\/\/www.obs.planbleu.org\/en\/wp-json\/wp\/v2\/types\/page"}],"author":[{"embeddable":true,"href":"https:\/\/www.obs.planbleu.org\/en\/wp-json\/wp\/v2\/users\/1"}],"replies":[{"embeddable":true,"href":"https:\/\/www.obs.planbleu.org\/en\/wp-json\/wp\/v2\/comments?post=8143"}],"version-history":[{"count":61,"href":"https:\/\/www.obs.planbleu.org\/en\/wp-json\/wp\/v2\/pages\/8143\/revisions"}],"predecessor-version":[{"id":14372,"href":"https:\/\/www.obs.planbleu.org\/en\/wp-json\/wp\/v2\/pages\/8143\/revisions\/14372"}],"up":[{"embeddable":true,"href":"https:\/\/www.obs.planbleu.org\/en\/wp-json\/wp\/v2\/pages\/7242"}],"wp:attachment":[{"href":"https:\/\/www.obs.planbleu.org\/en\/wp-json\/wp\/v2\/media?parent=8143"}],"curies":[{"name":"wp","href":"https:\/\/api.w.org\/{rel}","templated":true}]}}